{"id":2,"date":"2019-09-27T17:18:03","date_gmt":"2019-09-27T15:18:03","guid":{"rendered":"http:\/\/satyamala.com\/?page_id=2"},"modified":"2020-09-23T06:47:29","modified_gmt":"2020-09-23T04:47:29","slug":"mentions-legales","status":"publish","type":"page","link":"https:\/\/satyamala.com\/index.php\/mentions-legales\/","title":{"rendered":"Mentions L\u00e9gales"},"content":{"rendered":"<p>Raison sociale : Pierre Mendras &#8211; Satya Mala<br \/>Siret : 81984897900012<br \/>Nom responsable : Pierre Mendras<br \/>T\u00e9l\u00e9phone : 06 62 78 38 19<br \/>E-mail : contact@satyamala.com<\/p>\n<div class=\"hrule clearfix\"><\/div>\n\n\n<p>CONDITIONS DE VENTES<\/p>\n\n\n\n<p>Le client reconna\u00eet avoir pris connaissance, au moment de la passation de commande, des conditions particuli\u00e8res de vente \u00e9nonc\u00e9es sur cet \u00e9cran et d\u00e9clare express\u00e9ment les accepter sans r\u00e9serve.<\/p>\n\n\n\n<p>COMMANDE<\/p>\n\n\n\n<p>Les syst\u00e8mes d\u2019enregistrement automatique sont consid\u00e9r\u00e9s comme preuve de la nature, du contenu et de la date de la commande.<\/p>\n\n\n\n<p>Pierre MENDRAS, en qualit\u00e9 de responsable l\u00e9gal de www.satyamala.com, confirme l\u2019acceptation de sa commande au client par l\u2019adresse mail que celui-ci aura communiqu\u00e9. La vente ne sera conclue qu\u2019\u00e0 compter de la confirmation et du paiement de la commande. Les informations \u00e9nonc\u00e9es par l\u2019acheteur, lors de la prise de commande engagent celui-ci : en cas d\u2019erreur dans le libell\u00e9 des coordonn\u00e9es du destinataire, le vendeur ne saurait \u00eatre tenu responsable de l\u2019impossibilit\u00e9 dans laquelle il pourrait \u00eatre de livrer le produit.<\/p>\n\n\n\n<p>Pierre MENDRAS, en qualit\u00e9 de responsable l\u00e9gal de www.satyamala.com, s\u2019engage \u00e0 honorer les commandes re\u00e7ues dans la limite des stocks disponibles et en cas d\u2019indisponibilit\u00e9 \u00e0 en informer le client par tout moyen que ce soit. Le Client pourra alors annuler sa commande et se faire rembourser, le cas \u00e9ch\u00e9ant, les sommes d\u00e9j\u00e0 vers\u00e9es.<\/p>\n\n\n\n<p>LIVRAISONS ET RETOURS<\/p>\n\n\n\n<p>Pierre MENDRAS, en qualit\u00e9 de responsable l\u00e9gal de www.satyamala.com, livre ses produits \u00e0 travers le monde depuis la France. Les produits seront exp\u00e9di\u00e9s \u00e0 l\u2019adresse de livraison indiqu\u00e9e par le Client lors de sa commande (hors Boite Postale).<\/p>\n\n\n\n<p>Pour toute commande livr\u00e9e en France, la livraison est gratuite.<\/p>\n\n\n\n<p>Pierre MENDRAS, en qualit\u00e9 de responsable l\u00e9gal de www.satyamala.com, s\u2019engage \u00e0 livrer le Client dans un d\u00e9lai de 2 \u00e0 15 jours ouvr\u00e9s en p\u00e9riode normale et de 10 \u00e0 20 jours ouvr\u00e9s durant les p\u00e9riodes d\u2019op\u00e9rations commerciales apr\u00e8s validation de la commande et sous r\u00e9serve du r\u00e8glement. &nbsp;En cas d\u2019erreurs ou d\u2019oublis dans le libell\u00e9 des coordonn\u00e9es du Client, Pierre MENDRAS, en qualit\u00e9 de responsable l\u00e9gal de www.satyamala.com, ne pourra \u00eatre tenu responsable de l\u2019impossibilit\u00e9 de livrer le ou les articles command\u00e9s.<\/p>\n\n\n\n<p>Pierre MENDRAS, en qualit\u00e9 de responsable l\u00e9gal de www.satyamala.com, ne pourra \u00eatre tenu pour responsable des retards de livraison caus\u00e9s par la survenance d\u2019\u00e9v\u00e9nements de force majeure ainsi que de gr\u00e8ves.<\/p>\n\n\n\n<p>Les caract\u00e9ristiques des articles sont pr\u00e9sent\u00e9es sur delphineburrus.fr dans chacune des fiches produits. Le Client est pleinement inform\u00e9 que les images, photos et les couleurs des articles mis en vente pourraient cependant ne pas correspondre aux couleurs r\u00e9elles sous l\u2019effet du navigateur Internet de l\u2019\u00e9cran utilis\u00e9.\u2028 Le Client, s\u2019il n\u2019est pas satisfait, dispose d\u2019un d\u00e9lai de quinze jours \u00e0 compter de la date d\u2019exp\u00e9dition pour le retourner et obtenir le remboursement des sommes d\u00e9j\u00e0 vers\u00e9es.<\/p>\n\n\n\n<p>Le remboursement s\u2019effectuera par ch\u00e8que bancaire.<\/p>\n\n\n\n<p>L\u2019article devra \u00eatre retourn\u00e9 \u00e0 l\u2019\u00e9tat neuf, dans son emballage d\u2019origine \u00e0 l\u2019adresse suivante : Pierre MENDRAS 10 rue Ledru Rollin 92150 SURESNES. Les articles retourn\u00e9s incomplets, ab\u00eem\u00e9s, endommag\u00e9s, port\u00e9s ou salis ne seront ni repris ni rembours\u00e9s. Les retours sont \u00e0 la charge du Client. Il appartient au Client de conserver toute preuve de retour, \u00e0 savoir un retour par colis recommand\u00e9 ou par tout autre moyen donnant date certaine \u00e0 son envoi. Les articles sont retourn\u00e9s aux risques et \u00e0 la charge du Client<\/p>\n","protected":false},"excerpt":{"rendered":"<p>Raison sociale : Pierre Mendras &#8211; Satya MalaSiret : 81984897900012Nom responsable : Pierre MendrasT\u00e9l\u00e9phone : 06 62 78 38 19E-mail : contact@satyamala.com CONDITIONS DE VENTES Le client reconna\u00eet avoir pris connaissance, au moment de la passation de commande, des conditions &hellip; <a href=\"https:\/\/satyamala.com\/index.php\/mentions-legales\/\">Lire la suite\u00ad\u00ad<\/a><\/p>\n","protected":false},"author":1,"featured_media":0,"parent":0,"menu_order":0,"comment_status":"closed","ping_status":"closed","template":"","meta":{"kt_blocks_editor_width":"","spay_email":""},"_links":{"self":[{"href":"https:\/\/satyamala.com\/index.php\/wp-json\/wp\/v2\/pages\/2"}],"collection":[{"href":"https:\/\/satyamala.com\/index.php\/wp-json\/wp\/v2\/pages"}],"about":[{"href":"https:\/\/satyamala.com\/index.php\/wp-json\/wp\/v2\/types\/page"}],"author":[{"embeddable":true,"href":"https:\/\/satyamala.com\/index.php\/wp-json\/wp\/v2\/users\/1"}],"replies":[{"embeddable":true,"href":"https:\/\/satyamala.com\/index.php\/wp-json\/wp\/v2\/comments?post=2"}],"version-history":[{"count":4,"href":"https:\/\/satyamala.com\/index.php\/wp-json\/wp\/v2\/pages\/2\/revisions"}],"predecessor-version":[{"id":523,"href":"https:\/\/satyamala.com\/index.php\/wp-json\/wp\/v2\/pages\/2\/revisions\/523"}],"wp:attachment":[{"href":"https:\/\/satyamala.com\/index.php\/wp-json\/wp\/v2\/media?parent=2"}],"curies":[{"name":"wp","href":"https:\/\/api.w.org\/{rel}","templated":true}]}}