{"id":55,"date":"2019-09-29T21:22:31","date_gmt":"2019-09-29T19:22:31","guid":{"rendered":"https:\/\/satyamala.com\/?page_id=55"},"modified":"2020-09-05T12:29:10","modified_gmt":"2020-09-05T10:29:10","slug":"l-artisan-tisseur-de-mala","status":"publish","type":"page","link":"https:\/\/satyamala.com\/index.php\/l-artisan-tisseur-de-mala\/","title":{"rendered":"L&#8217; Artisseur"},"content":{"rendered":"\n<div class=\"wp-block-image\"><figure class=\"alignright is-resized\"><img loading=\"lazy\" src=\"https:\/\/satyamala.com\/wp-content\/uploads\/2019\/09\/portrait-pierre-mendras-19.jpg\" alt=\"\" class=\"wp-image-56\" width=\"163\" height=\"259\" srcset=\"https:\/\/satyamala.com\/wp-content\/uploads\/2019\/09\/portrait-pierre-mendras-19.jpg 556w, https:\/\/satyamala.com\/wp-content\/uploads\/2019\/09\/portrait-pierre-mendras-19-189x300.jpg 189w\" sizes=\"(max-width: 163px) 100vw, 163px\" \/><\/figure><\/div>\n\n\n\n<p class=\"has-small-font-size\">Je suis un artisan cr\u00e9ateur d\u2019espaces de ressourcement.<\/p>\n\n\n\n<p class=\"has-small-font-size\">Je tisse des Malas pour se relier \u00e0 Soi en s&#8217;accordant aux vibrations du Monde. <\/p>\n\n\n\n<p class=\"has-small-font-size\">Egrainer le temps, \u00e9tirer l&#8217;espace, d\u00e9ployer le Souffle conscient de 108 battements vivants et r\u00e9sonnants, cadenc\u00e9s par ce nombre sacr\u00e9 de perles reli\u00e9es.<\/p>\n\n\n\n<p class=\"has-small-font-size\">Le fil qui relie ces perles et les noue les unes aux autres est constitu\u00e9 d&#8217;un tissage de deux brins repr\u00e9sentant deux courants d&#8217;\u00e9nergies polaris\u00e9es et entrelac\u00e9es.<\/p>\n\n\n\n<p class=\"has-small-font-size\">C&#8217;est le fil de la Vie qui scande son d\u00e9fil\u00e9 au rythme de la plus noble des ondulations, celle qu&#8217;\u00e9met notre Conscience lorsqu&#8217;elle s&#8217;\u00e9tablie en m\u00e9ditation.<\/p>\n\n\n\n<p class=\"has-small-font-size\">Une Onde fine, douce et puissante \u00e9manant de 108 perles dont 99 de bois pr\u00e9cieux, de 8 pierres fines intercal\u00e9es toutes les douzi\u00e8mes et d&#8217;une boucle finale signant un possible recommencement.<\/p>\n\n\n\n<p class=\"has-small-font-size\">108 : 1 pour la recherche d&#8217;unicit\u00e9; 0 pour la roue du Dharma; 8 pour le lemniscate.<\/p>\n\n\n\n<p class=\"has-small-font-size\">108 perles, comme les 108 Upanishad, textes sacr\u00e9s de l&#8217;Inde. <\/p>\n\n\n\n<p class=\"has-small-font-size\">1+0+8 = 9 et 9 x 12 = 108 Le mala est constitu\u00e9 de 9 douzi\u00e8mes: 8 pierres et une boucle finale.<\/p>\n\n\n\n<p class=\"has-small-font-size\">21600 respirations \u00e0 vivre en 24 heures: 10800 le jour, 10800 la nuit&#8230;<\/p>\n\n\n\n<p class=\"has-small-font-size\">108 respirations profondes et compl\u00e8tes \u00e0 vivre en pratiquant l&#8217;assise silencieuse, en yoga, d&#8217;une m\u00e9ditation Jappa Mala.<\/p>\n\n\n\n<p class=\"has-small-font-size\">Chaque Mala est unique et charg\u00e9 vibratoirement de l&#8217;\u00e9nergie des pierres qui le constitue et de la r\u00e9citation du Mantra qui a accompagn\u00e9 le tissage de sa conception.<\/p>\n","protected":false},"excerpt":{"rendered":"<p>Je suis un artisan cr\u00e9ateur d\u2019espaces de ressourcement. Je tisse des Malas pour se relier \u00e0 Soi en s&#8217;accordant aux vibrations du Monde. Egrainer le temps, \u00e9tirer l&#8217;espace, d\u00e9ployer le Souffle conscient de 108 battements vivants et r\u00e9sonnants, cadenc\u00e9s par &hellip; <a href=\"https:\/\/satyamala.com\/index.php\/l-artisan-tisseur-de-mala\/\">Lire la suite\u00ad\u00ad<\/a><\/p>\n","protected":false},"author":1,"featured_media":0,"parent":0,"menu_order":0,"comment_status":"closed","ping_status":"closed","template":"","meta":{"kt_blocks_editor_width":"","spay_email":""},"_links":{"self":[{"href":"https:\/\/satyamala.com\/index.php\/wp-json\/wp\/v2\/pages\/55"}],"collection":[{"href":"https:\/\/satyamala.com\/index.php\/wp-json\/wp\/v2\/pages"}],"about":[{"href":"https:\/\/satyamala.com\/index.php\/wp-json\/wp\/v2\/types\/page"}],"author":[{"embeddable":true,"href":"https:\/\/satyamala.com\/index.php\/wp-json\/wp\/v2\/users\/1"}],"replies":[{"embeddable":true,"href":"https:\/\/satyamala.com\/index.php\/wp-json\/wp\/v2\/comments?post=55"}],"version-history":[{"count":18,"href":"https:\/\/satyamala.com\/index.php\/wp-json\/wp\/v2\/pages\/55\/revisions"}],"predecessor-version":[{"id":3195,"href":"https:\/\/satyamala.com\/index.php\/wp-json\/wp\/v2\/pages\/55\/revisions\/3195"}],"wp:attachment":[{"href":"https:\/\/satyamala.com\/index.php\/wp-json\/wp\/v2\/media?parent=55"}],"curies":[{"name":"wp","href":"https:\/\/api.w.org\/{rel}","templated":true}]}}